{"id":7,"date":"2018-05-23T11:24:29","date_gmt":"2018-05-23T09:24:29","guid":{"rendered":"http:\/\/jardineriegreenplant.be\/?page_id=7"},"modified":"2018-07-25T14:00:45","modified_gmt":"2018-07-25T12:00:45","slug":"accueil","status":"publish","type":"page","link":"https:\/\/jardineriegreenplant.be\/","title":{"rendered":"Accueil"},"content":{"rendered":"<h2>Jardinerie &#8211; Plantes annuelles &#8211; Arbres et arbustes &#8211; Plantes &#8211; Semences- Terreau &#8211; Poterie &#8211; D\u00e9coration int\u00e9rieure et ext\u00e9rieure<\/h2>\n<p style=\"text-align: center;\"><img loading=\"lazy\" decoding=\"async\" class=\"alignnone  wp-image-51\" src=\"http:\/\/jardineriegreenplant.be\/wp-content\/uploads\/2018\/07\/serres3.jpg\" alt=\"\" width=\"577\" height=\"432\" srcset=\"https:\/\/jardineriegreenplant.be\/wp-content\/uploads\/2018\/07\/serres3.jpg 760w, https:\/\/jardineriegreenplant.be\/wp-content\/uploads\/2018\/07\/serres3-300x225.jpg 300w\" sizes=\"(max-width: 577px) 100vw, 577px\" \/><\/p>\n<p style=\"text-align: center;\"><img loading=\"lazy\" decoding=\"async\" class=\"alignnone wp-image-42\" src=\"http:\/\/jardineriegreenplant.be\/wp-content\/uploads\/2018\/07\/grpl.jpg\" alt=\"\" width=\"579\" height=\"375\" srcset=\"https:\/\/jardineriegreenplant.be\/wp-content\/uploads\/2018\/07\/grpl.jpg 1004w, https:\/\/jardineriegreenplant.be\/wp-content\/uploads\/2018\/07\/grpl-300x194.jpg 300w, https:\/\/jardineriegreenplant.be\/wp-content\/uploads\/2018\/07\/grpl-768x497.jpg 768w\" sizes=\"(max-width: 579px) 100vw, 579px\" \/><\/p>\n","protected":false},"excerpt":{"rendered":"<p>Jardinerie &#8211; Plantes annuelles &#8211; Arbres et arbustes &#8211; Plantes &#8211; Semences- Terreau &#8211; Poterie &#8211; D\u00e9coration int\u00e9rieure et ext\u00e9rieure<\/p>\n","protected":false},"author":1,"featured_media":0,"parent":0,"menu_order":0,"comment_status":"closed","ping_status":"closed","template":"","meta":{"footnotes":""},"_links":{"self":[{"href":"https:\/\/jardineriegreenplant.be\/index.php?rest_route=\/wp\/v2\/pages\/7"}],"collection":[{"href":"https:\/\/jardineriegreenplant.be\/index.php?rest_route=\/wp\/v2\/pages"}],"about":[{"href":"https:\/\/jardineriegreenplant.be\/index.php?rest_route=\/wp\/v2\/types\/page"}],"author":[{"embeddable":true,"href":"https:\/\/jardineriegreenplant.be\/index.php?rest_route=\/wp\/v2\/users\/1"}],"replies":[{"embeddable":true,"href":"https:\/\/jardineriegreenplant.be\/index.php?rest_route=%2Fwp%2Fv2%2Fcomments&post=7"}],"version-history":[{"count":12,"href":"https:\/\/jardineriegreenplant.be\/index.php?rest_route=\/wp\/v2\/pages\/7\/revisions"}],"predecessor-version":[{"id":52,"href":"https:\/\/jardineriegreenplant.be\/index.php?rest_route=\/wp\/v2\/pages\/7\/revisions\/52"}],"wp:attachment":[{"href":"https:\/\/jardineriegreenplant.be\/index.php?rest_route=%2Fwp%2Fv2%2Fmedia&parent=7"}],"curies":[{"name":"wp","href":"https:\/\/api.w.org\/{rel}","templated":true}]}}